{"id":834,"date":"2026-05-05T19:13:14","date_gmt":"2026-05-05T19:13:14","guid":{"rendered":"https:\/\/isecapilar.com.mx\/?page_id=834"},"modified":"2026-05-05T21:46:25","modified_gmt":"2026-05-05T21:46:25","slug":"elementor-834","status":"publish","type":"page","link":"https:\/\/isecapilar.com.mx\/index.php\/elementor-834\/","title":{"rendered":"Blog"},"content":{"rendered":"\t\t<div data-elementor-type=\"wp-page\" data-elementor-id=\"834\" class=\"elementor elementor-834\">\n\t\t\t\t<div data-ka-cursor-size=\"1\" class=\"elementor-element elementor-element-f9690a7 e-flex e-con-boxed wpr-particle-no wpr-jarallax-no wpr-parallax-no wpr-sticky-section-no wpr-equal-height-no e-con e-parent\" data-id=\"f9690a7\" data-element_type=\"container\" data-e-type=\"container\" data-settings=\"{&quot;kng_cursor_interaction&quot;:&quot;default&quot;,&quot;kng_cursor_magnetic&quot;:&quot;none&quot;,&quot;kng_cursor_size_multiplier&quot;:{&quot;unit&quot;:&quot;px&quot;,&quot;size&quot;:1,&quot;sizes&quot;:[]}}\">\n\t\t\t\t\t<div class=\"e-con-inner\">\n\t\t\t\t<div data-ka-cursor-size=\"1\" class=\"elementor-element elementor-element-88234df king-addons-post-slider--text-align-left king-addons-post-slider--button-align-left king-addons-post-slider--button-text-align-center elementor-widget elementor-widget-king-addons-quick-post-slider\" data-id=\"88234df\" data-element_type=\"widget\" data-e-type=\"widget\" data-settings=\"{&quot;kng_cursor_interaction&quot;:&quot;default&quot;,&quot;kng_cursor_magnetic&quot;:&quot;none&quot;,&quot;kng_cursor_size_multiplier&quot;:{&quot;unit&quot;:&quot;px&quot;,&quot;size&quot;:1,&quot;sizes&quot;:[]}}\" data-widget_type=\"king-addons-quick-post-slider.default\">\n\t\t\t\t<div class=\"elementor-widget-container\">\n\t\t\t\t\t        <div class=\"king-addons-post-slider king-addons-post-slider--nav-outside king-addons-post-slider--nav-align-center king-addons-post-slider--pagination-outside king-addons-post-slider--pagination-align-center\" style=\"--kng-post-slider-pagination-offset: 14px; --kng-post-slider-pagination-gap: 10px; --kng-post-slider-nav-gap: 12px;\">\n            <div class=\"king-addons-post-slider__track swiper\" data-slides-per-view=\"3\" data-slides-per-view-tablet=\"2\" data-slides-per-view-mobile=\"1\" data-space-between=\"20\" data-autoplay=\"yes\" data-autoplay-delay=\"3200\" data-autoplay-pause-on-hover=\"no\" data-autoplay-stop-on-interaction=\"no\" data-loop=\"yes\" data-speed=\"600\" data-navigation=\"yes\" data-pagination=\"yes\">\n                <div class=\"king-addons-post-slider__wrapper swiper-wrapper\">\n                            <div class=\"king-addons-post-slider__slide swiper-slide\">\n            <article class=\"king-addons-post-slider__card\">\n                                    <div class=\"king-addons-post-slider__media\">\n                        <a href=\"https:\/\/isecapilar.com.mx\/index.php\/2026\/05\/05\/por-que-no-funciona-ningun-tratamiento-para-la-caida-del-cabello\/\" class=\"king-addons-post-slider__media-link\">\n                            <img fetchpriority=\"high\" decoding=\"async\" width=\"300\" height=\"191\" src=\"https:\/\/isecapilar.com.mx\/wp-content\/uploads\/2026\/05\/girl-portrait-from-back-2025-02-12-01-41-18-utc-300x191.jpg\" class=\"attachment-medium size-medium\" alt=\"\u00bfPor qu\u00e9 no funciona ning\u00fan tratamiento para la ca\u00edda del cabello?\" srcset=\"https:\/\/isecapilar.com.mx\/wp-content\/uploads\/2026\/05\/girl-portrait-from-back-2025-02-12-01-41-18-utc-300x191.jpg 300w, https:\/\/isecapilar.com.mx\/wp-content\/uploads\/2026\/05\/girl-portrait-from-back-2025-02-12-01-41-18-utc-1024x653.jpg 1024w, https:\/\/isecapilar.com.mx\/wp-content\/uploads\/2026\/05\/girl-portrait-from-back-2025-02-12-01-41-18-utc-768x490.jpg 768w, https:\/\/isecapilar.com.mx\/wp-content\/uploads\/2026\/05\/girl-portrait-from-back-2025-02-12-01-41-18-utc-1536x980.jpg 1536w, https:\/\/isecapilar.com.mx\/wp-content\/uploads\/2026\/05\/girl-portrait-from-back-2025-02-12-01-41-18-utc-2048x1306.jpg 2048w\" sizes=\"(max-width: 300px) 100vw, 300px\" \/>                        <\/a>\n                    <\/div>\n                \n                <div class=\"king-addons-post-slider__body\">\n                    <h3 class=\"king-addons-post-slider__title\">\n                        <a href=\"https:\/\/isecapilar.com.mx\/index.php\/2026\/05\/05\/por-que-no-funciona-ningun-tratamiento-para-la-caida-del-cabello\/\">\u00bfPor qu\u00e9 no funciona ning\u00fan tratamiento para la ca\u00edda del cabello?<\/a>\n                    <\/h3>\n\n                                            <div class=\"king-addons-post-slider__meta\">\n                            mayo 5, 2026 \u2022 leo                        <\/div>\n                    \n                                            <div class=\"king-addons-post-slider__excerpt\">Si has probado tratamientos para la ca\u00edda del cabello sin resultados, descubre el error m\u00e1s com\u00fan y qu\u00e9&hellip;<\/div>\n                    \n                                            <a class=\"king-addons-post-slider__button\" href=\"https:\/\/isecapilar.com.mx\/index.php\/2026\/05\/05\/por-que-no-funciona-ningun-tratamiento-para-la-caida-del-cabello\/\">\n                            Read more                        <\/a>\n                                    <\/div>\n            <\/article>\n        <\/div>\n                <div class=\"king-addons-post-slider__slide swiper-slide\">\n            <article class=\"king-addons-post-slider__card\">\n                                    <div class=\"king-addons-post-slider__media\">\n                        <a href=\"https:\/\/isecapilar.com.mx\/index.php\/2026\/05\/05\/se-puede-recuperar-el-cabello-sin-cirugia-opciones-reales\/\" class=\"king-addons-post-slider__media-link\">\n                            <img decoding=\"async\" width=\"300\" height=\"200\" src=\"https:\/\/isecapilar.com.mx\/wp-content\/uploads\/2026\/05\/close-up-view-of-young-woman-using-microneedle-der-2025-03-10-12-20-02-utc-300x200.jpg\" class=\"attachment-medium size-medium\" alt=\"\u00bfSe puede recuperar el cabello sin cirug\u00eda? Opciones reales\" srcset=\"https:\/\/isecapilar.com.mx\/wp-content\/uploads\/2026\/05\/close-up-view-of-young-woman-using-microneedle-der-2025-03-10-12-20-02-utc-300x200.jpg 300w, https:\/\/isecapilar.com.mx\/wp-content\/uploads\/2026\/05\/close-up-view-of-young-woman-using-microneedle-der-2025-03-10-12-20-02-utc-1024x683.jpg 1024w, https:\/\/isecapilar.com.mx\/wp-content\/uploads\/2026\/05\/close-up-view-of-young-woman-using-microneedle-der-2025-03-10-12-20-02-utc-768x512.jpg 768w, https:\/\/isecapilar.com.mx\/wp-content\/uploads\/2026\/05\/close-up-view-of-young-woman-using-microneedle-der-2025-03-10-12-20-02-utc-1536x1024.jpg 1536w, https:\/\/isecapilar.com.mx\/wp-content\/uploads\/2026\/05\/close-up-view-of-young-woman-using-microneedle-der-2025-03-10-12-20-02-utc-2048x1365.jpg 2048w\" sizes=\"(max-width: 300px) 100vw, 300px\" \/>                        <\/a>\n                    <\/div>\n                \n                <div class=\"king-addons-post-slider__body\">\n                    <h3 class=\"king-addons-post-slider__title\">\n                        <a href=\"https:\/\/isecapilar.com.mx\/index.php\/2026\/05\/05\/se-puede-recuperar-el-cabello-sin-cirugia-opciones-reales\/\">\u00bfSe puede recuperar el cabello sin cirug\u00eda? Opciones reales<\/a>\n                    <\/h3>\n\n                                            <div class=\"king-addons-post-slider__meta\">\n                            mayo 5, 2026 \u2022 leo                        <\/div>\n                    \n                                            <div class=\"king-addons-post-slider__excerpt\">Descubre si es posible recuperar el cabello sin cirug\u00eda. Conoce tratamientos no invasivos y en qu\u00e9 casos realmente&hellip;<\/div>\n                    \n                                            <a class=\"king-addons-post-slider__button\" href=\"https:\/\/isecapilar.com.mx\/index.php\/2026\/05\/05\/se-puede-recuperar-el-cabello-sin-cirugia-opciones-reales\/\">\n                            Read more                        <\/a>\n                                    <\/div>\n            <\/article>\n        <\/div>\n                <div class=\"king-addons-post-slider__slide swiper-slide\">\n            <article class=\"king-addons-post-slider__card\">\n                                    <div class=\"king-addons-post-slider__media\">\n                        <a href=\"https:\/\/isecapilar.com.mx\/index.php\/2026\/05\/05\/mesoterapia-laser-o-injerto-capilar-cual-elegir-segun-tu-caso\/\" class=\"king-addons-post-slider__media-link\">\n                            <img decoding=\"async\" width=\"300\" height=\"200\" src=\"https:\/\/isecapilar.com.mx\/wp-content\/uploads\/2026\/05\/a-beautician-makes-injections-into-the-scalp-for-h-2024-12-04-03-11-36-utc-300x200.jpg\" class=\"attachment-medium size-medium\" alt=\"Mesoterapia, l\u00e1ser o injerto capilar: \u00bfcu\u00e1l elegir seg\u00fan tu caso?\" srcset=\"https:\/\/isecapilar.com.mx\/wp-content\/uploads\/2026\/05\/a-beautician-makes-injections-into-the-scalp-for-h-2024-12-04-03-11-36-utc-300x200.jpg 300w, https:\/\/isecapilar.com.mx\/wp-content\/uploads\/2026\/05\/a-beautician-makes-injections-into-the-scalp-for-h-2024-12-04-03-11-36-utc-1024x683.jpg 1024w, https:\/\/isecapilar.com.mx\/wp-content\/uploads\/2026\/05\/a-beautician-makes-injections-into-the-scalp-for-h-2024-12-04-03-11-36-utc-768x512.jpg 768w, https:\/\/isecapilar.com.mx\/wp-content\/uploads\/2026\/05\/a-beautician-makes-injections-into-the-scalp-for-h-2024-12-04-03-11-36-utc-1536x1024.jpg 1536w, https:\/\/isecapilar.com.mx\/wp-content\/uploads\/2026\/05\/a-beautician-makes-injections-into-the-scalp-for-h-2024-12-04-03-11-36-utc-2048x1365.jpg 2048w\" sizes=\"(max-width: 300px) 100vw, 300px\" \/>                        <\/a>\n                    <\/div>\n                \n                <div class=\"king-addons-post-slider__body\">\n                    <h3 class=\"king-addons-post-slider__title\">\n                        <a href=\"https:\/\/isecapilar.com.mx\/index.php\/2026\/05\/05\/mesoterapia-laser-o-injerto-capilar-cual-elegir-segun-tu-caso\/\">Mesoterapia, l\u00e1ser o injerto capilar: \u00bfcu\u00e1l elegir seg\u00fan tu caso?<\/a>\n                    <\/h3>\n\n                                            <div class=\"king-addons-post-slider__meta\">\n                            mayo 5, 2026 \u2022 leo                        <\/div>\n                    \n                                            <div class=\"king-addons-post-slider__excerpt\">Conoce las diferencias entre mesoterapia capilar, l\u00e1ser y trasplante capilar. Descubre cu\u00e1l es el tratamiento ideal seg\u00fan tu&hellip;<\/div>\n                    \n                                            <a class=\"king-addons-post-slider__button\" href=\"https:\/\/isecapilar.com.mx\/index.php\/2026\/05\/05\/mesoterapia-laser-o-injerto-capilar-cual-elegir-segun-tu-caso\/\">\n                            Read more                        <\/a>\n                                    <\/div>\n            <\/article>\n        <\/div>\n                <div class=\"king-addons-post-slider__slide swiper-slide\">\n            <article class=\"king-addons-post-slider__card\">\n                                    <div class=\"king-addons-post-slider__media\">\n                        <a href=\"https:\/\/isecapilar.com.mx\/index.php\/2026\/05\/05\/por-que-se-cae-el-cabello-causas-mas-comunes-y-como-tratarlas\/\" class=\"king-addons-post-slider__media-link\">\n                            <img loading=\"lazy\" decoding=\"async\" width=\"300\" height=\"200\" src=\"https:\/\/isecapilar.com.mx\/wp-content\/uploads\/2026\/05\/a-brush-with-lost-hair-on-table-2024-12-13-16-12-44-utc-300x200.jpg\" class=\"attachment-medium size-medium\" alt=\"\u00bfPor qu\u00e9 se cae el cabello? Causas m\u00e1s comunes y c\u00f3mo tratarlas\" srcset=\"https:\/\/isecapilar.com.mx\/wp-content\/uploads\/2026\/05\/a-brush-with-lost-hair-on-table-2024-12-13-16-12-44-utc-300x200.jpg 300w, https:\/\/isecapilar.com.mx\/wp-content\/uploads\/2026\/05\/a-brush-with-lost-hair-on-table-2024-12-13-16-12-44-utc-1024x683.jpg 1024w, https:\/\/isecapilar.com.mx\/wp-content\/uploads\/2026\/05\/a-brush-with-lost-hair-on-table-2024-12-13-16-12-44-utc-768x512.jpg 768w, https:\/\/isecapilar.com.mx\/wp-content\/uploads\/2026\/05\/a-brush-with-lost-hair-on-table-2024-12-13-16-12-44-utc-1536x1024.jpg 1536w, https:\/\/isecapilar.com.mx\/wp-content\/uploads\/2026\/05\/a-brush-with-lost-hair-on-table-2024-12-13-16-12-44-utc-2048x1365.jpg 2048w\" sizes=\"(max-width: 300px) 100vw, 300px\" \/>                        <\/a>\n                    <\/div>\n                \n                <div class=\"king-addons-post-slider__body\">\n                    <h3 class=\"king-addons-post-slider__title\">\n                        <a href=\"https:\/\/isecapilar.com.mx\/index.php\/2026\/05\/05\/por-que-se-cae-el-cabello-causas-mas-comunes-y-como-tratarlas\/\">\u00bfPor qu\u00e9 se cae el cabello? Causas m\u00e1s comunes y c\u00f3mo tratarlas<\/a>\n                    <\/h3>\n\n                                            <div class=\"king-addons-post-slider__meta\">\n                            mayo 5, 2026 \u2022 leo                        <\/div>\n                    \n                                            <div class=\"king-addons-post-slider__excerpt\">Descubre las principales causas de la ca\u00edda del cabello en hombres y mujeres. Aprende a identificar el origen&hellip;<\/div>\n                    \n                                            <a class=\"king-addons-post-slider__button\" href=\"https:\/\/isecapilar.com.mx\/index.php\/2026\/05\/05\/por-que-se-cae-el-cabello-causas-mas-comunes-y-como-tratarlas\/\">\n                            Read more                        <\/a>\n                                    <\/div>\n            <\/article>\n        <\/div>\n                <div class=\"king-addons-post-slider__slide swiper-slide\">\n            <article class=\"king-addons-post-slider__card\">\n                                    <div class=\"king-addons-post-slider__media\">\n                        <a href=\"https:\/\/isecapilar.com.mx\/index.php\/2026\/05\/05\/es-normal-la-caida-del-cabello-senales-de-alerta-que-debes-conocer\/\" class=\"king-addons-post-slider__media-link\">\n                            <img loading=\"lazy\" decoding=\"async\" width=\"300\" height=\"200\" src=\"https:\/\/isecapilar.com.mx\/wp-content\/uploads\/2026\/05\/hair-loss-concept-with-man-checking-his-hair-2024-12-13-06-56-50-utc-300x200.jpg\" class=\"attachment-medium size-medium\" alt=\"\u00bfEs normal la ca\u00edda del cabello? Se\u00f1ales de alerta que debes conocer\" srcset=\"https:\/\/isecapilar.com.mx\/wp-content\/uploads\/2026\/05\/hair-loss-concept-with-man-checking-his-hair-2024-12-13-06-56-50-utc-300x200.jpg 300w, https:\/\/isecapilar.com.mx\/wp-content\/uploads\/2026\/05\/hair-loss-concept-with-man-checking-his-hair-2024-12-13-06-56-50-utc-1024x683.jpg 1024w, https:\/\/isecapilar.com.mx\/wp-content\/uploads\/2026\/05\/hair-loss-concept-with-man-checking-his-hair-2024-12-13-06-56-50-utc-768x512.jpg 768w, https:\/\/isecapilar.com.mx\/wp-content\/uploads\/2026\/05\/hair-loss-concept-with-man-checking-his-hair-2024-12-13-06-56-50-utc-1536x1024.jpg 1536w, https:\/\/isecapilar.com.mx\/wp-content\/uploads\/2026\/05\/hair-loss-concept-with-man-checking-his-hair-2024-12-13-06-56-50-utc-2048x1365.jpg 2048w\" sizes=\"(max-width: 300px) 100vw, 300px\" \/>                        <\/a>\n                    <\/div>\n                \n                <div class=\"king-addons-post-slider__body\">\n                    <h3 class=\"king-addons-post-slider__title\">\n                        <a href=\"https:\/\/isecapilar.com.mx\/index.php\/2026\/05\/05\/es-normal-la-caida-del-cabello-senales-de-alerta-que-debes-conocer\/\">\u00bfEs normal la ca\u00edda del cabello? Se\u00f1ales de alerta que debes conocer<\/a>\n                    <\/h3>\n\n                                            <div class=\"king-addons-post-slider__meta\">\n                            mayo 5, 2026 \u2022 leo                        <\/div>\n                    \n                                            <div class=\"king-addons-post-slider__excerpt\">Descubre cu\u00e1ndo la ca\u00edda del cabello es normal y cu\u00e1ndo podr\u00eda ser un problema. Identifica las se\u00f1ales y&hellip;<\/div>\n                    \n                                            <a class=\"king-addons-post-slider__button\" href=\"https:\/\/isecapilar.com.mx\/index.php\/2026\/05\/05\/es-normal-la-caida-del-cabello-senales-de-alerta-que-debes-conocer\/\">\n                            Read more                        <\/a>\n                                    <\/div>\n            <\/article>\n        <\/div>\n                        <\/div>\n                                    <div class=\"king-addons-post-slider__pagination swiper-pagination\" aria-label=\"Slider pagination\"><\/div>\n                            <\/div>\n                            <div class=\"king-addons-post-slider__navigation\" aria-label=\"Slider navigation\">\n                    <button type=\"button\" class=\"king-addons-post-slider__arrow king-addons-post-slider__arrow--prev swiper-button-prev\" aria-label=\"Previous slide\">\n                        <span class=\"king-addons-post-slider__arrow-icon\" aria-hidden=\"true\"><\/span>\n                    <\/button>\n                    <button type=\"button\" class=\"king-addons-post-slider__arrow king-addons-post-slider__arrow--next swiper-button-next\" aria-label=\"Next slide\">\n                        <span class=\"king-addons-post-slider__arrow-icon\" aria-hidden=\"true\"><\/span>\n                    <\/button>\n                <\/div>\n                    <\/div>\n        \t\t\t\t<\/div>\n\t\t\t\t<\/div>\n\t\t\t\t\t<\/div>\n\t\t\t\t<\/div>\n\t\t<div data-ka-cursor-size=\"1\" class=\"elementor-element elementor-element-fb3130a elementor-hidden-mobile e-flex e-con-boxed wpr-particle-no wpr-jarallax-no wpr-parallax-no wpr-sticky-section-no wpr-equal-height-no e-con e-parent\" data-id=\"fb3130a\" data-element_type=\"container\" data-e-type=\"container\" data-settings=\"{&quot;background_background&quot;:&quot;classic&quot;,&quot;kng_cursor_interaction&quot;:&quot;default&quot;,&quot;kng_cursor_magnetic&quot;:&quot;none&quot;,&quot;kng_cursor_size_multiplier&quot;:{&quot;unit&quot;:&quot;px&quot;,&quot;size&quot;:1,&quot;sizes&quot;:[]}}\">\n\t\t\t\t\t<div class=\"e-con-inner\">\n\t\t<div data-ka-cursor-size=\"1\" class=\"elementor-element elementor-element-7fe8c4d e-con-full e-flex wpr-particle-no wpr-jarallax-no wpr-parallax-no wpr-sticky-section-no wpr-equal-height-no e-con e-child\" data-id=\"7fe8c4d\" data-element_type=\"container\" data-e-type=\"container\" data-settings=\"{&quot;kng_cursor_interaction&quot;:&quot;default&quot;,&quot;kng_cursor_magnetic&quot;:&quot;none&quot;,&quot;kng_cursor_size_multiplier&quot;:{&quot;unit&quot;:&quot;px&quot;,&quot;size&quot;:1,&quot;sizes&quot;:[]}}\">\n\t\t\t\t<\/div>\n\t\t\t\t\t<\/div>\n\t\t\t\t<\/div>\n\t\t\t\t<\/div>\n\t\t","protected":false},"excerpt":{"rendered":"<p>\u00bfEs normal la ca\u00edda del cabello? Se\u00f1ales de alerta que debes conocer mayo 5, 2026 \u2022 leo Descubre cu\u00e1ndo la ca\u00edda del cabello es normal y cu\u00e1ndo podr\u00eda ser un problema. Identifica las se\u00f1ales y\u2026 Read more Hello world! julio 17, 2025 \u2022 admin Welcome to WordPress. This is your first post. Edit or delete it, then start writing! Read more<\/p>\n","protected":false},"author":3,"featured_media":0,"parent":0,"menu_order":0,"comment_status":"closed","ping_status":"closed","template":"","meta":{"_eb_attr":"","om_disable_all_campaigns":false,"_monsterinsights_skip_tracking":false,"_monsterinsights_sitenote_active":false,"_monsterinsights_sitenote_note":"","_monsterinsights_sitenote_category":0,"footnotes":""},"class_list":["post-834","page","type-page","status-publish","hentry"],"aioseo_notices":[],"_links":{"self":[{"href":"https:\/\/isecapilar.com.mx\/index.php\/wp-json\/wp\/v2\/pages\/834","targetHints":{"allow":["GET"]}}],"collection":[{"href":"https:\/\/isecapilar.com.mx\/index.php\/wp-json\/wp\/v2\/pages"}],"about":[{"href":"https:\/\/isecapilar.com.mx\/index.php\/wp-json\/wp\/v2\/types\/page"}],"author":[{"embeddable":true,"href":"https:\/\/isecapilar.com.mx\/index.php\/wp-json\/wp\/v2\/users\/3"}],"replies":[{"embeddable":true,"href":"https:\/\/isecapilar.com.mx\/index.php\/wp-json\/wp\/v2\/comments?post=834"}],"version-history":[{"count":9,"href":"https:\/\/isecapilar.com.mx\/index.php\/wp-json\/wp\/v2\/pages\/834\/revisions"}],"predecessor-version":[{"id":876,"href":"https:\/\/isecapilar.com.mx\/index.php\/wp-json\/wp\/v2\/pages\/834\/revisions\/876"}],"wp:attachment":[{"href":"https:\/\/isecapilar.com.mx\/index.php\/wp-json\/wp\/v2\/media?parent=834"}],"curies":[{"name":"wp","href":"https:\/\/api.w.org\/{rel}","templated":true}]}}